{"id":287,"date":"2022-06-22T11:02:48","date_gmt":"2022-06-22T09:02:48","guid":{"rendered":"https:\/\/archives.legrandrepas.fr\/?page_id=287"},"modified":"2022-06-28T14:39:34","modified_gmt":"2022-06-28T12:39:34","slug":"circuits-courts-et-produits-du-terroir","status":"publish","type":"page","link":"https:\/\/archives.legrandrepas.fr\/2024\/pour-une-alimentation-responsable\/circuits-courts-et-produits-du-terroir\/","title":{"rendered":"Circuits courts et produits du terroir"},"content":{"rendered":"","protected":false},"excerpt":{"rendered":"","protected":false},"author":1,"featured_media":755,"parent":201,"menu_order":0,"comment_status":"closed","ping_status":"closed","template":"","meta":{"_acf_changed":false,"footnotes":""},"class_list":["post-287","page","type-page","status-publish","has-post-thumbnail","hentry"],"acf":[],"yoast_head":"<!-- This site is optimized with the Yoast SEO plugin v22.4 - https:\/\/yoast.com\/wordpress\/plugins\/seo\/ -->\n<title>Circuits courts et produits du terroir - Le Grand Repas<\/title>\n<meta name=\"robots\" content=\"index, follow, max-snippet:-1, max-image-preview:large, max-video-preview:-1\" \/>\n<link rel=\"canonical\" href=\"https:\/\/archives.legrandrepas.fr\/2024\/pour-une-alimentation-responsable\/circuits-courts-et-produits-du-terroir\/\" \/>\n<meta property=\"og:locale\" content=\"fr_FR\" \/>\n<meta property=\"og:type\" content=\"article\" \/>\n<meta property=\"og:title\" content=\"Circuits courts et produits du terroir - Le Grand Repas\" \/>\n<meta property=\"og:url\" content=\"https:\/\/archives.legrandrepas.fr\/2024\/pour-une-alimentation-responsable\/circuits-courts-et-produits-du-terroir\/\" \/>\n<meta property=\"og:site_name\" content=\"Le Grand Repas\" \/>\n<meta property=\"article:publisher\" content=\"https:\/\/www.facebook.com\/LeGrandRepas\/\" \/>\n<meta property=\"article:modified_time\" content=\"2022-06-28T12:39:34+00:00\" \/>\n<meta property=\"og:image\" content=\"https:\/\/archives.legrandrepas.fr\/2024\/wp-content\/uploads\/2022\/06\/slide1-1400x700-1.jpg\" \/>\n\t<meta property=\"og:image:width\" content=\"1400\" \/>\n\t<meta property=\"og:image:height\" content=\"700\" \/>\n\t<meta property=\"og:image:type\" content=\"image\/jpeg\" \/>\n<meta name=\"twitter:card\" content=\"summary_large_image\" \/>\n<script type=\"application\/ld+json\" class=\"yoast-schema-graph\">{\"@context\":\"https:\/\/schema.org\",\"@graph\":[{\"@type\":\"WebPage\",\"@id\":\"https:\/\/archives.legrandrepas.fr\/2024\/pour-une-alimentation-responsable\/circuits-courts-et-produits-du-terroir\/\",\"url\":\"https:\/\/archives.legrandrepas.fr\/2024\/pour-une-alimentation-responsable\/circuits-courts-et-produits-du-terroir\/\",\"name\":\"Circuits courts et produits du terroir - Le Grand Repas\",\"isPartOf\":{\"@id\":\"https:\/\/archives.legrandrepas.fr\/2024\/#website\"},\"primaryImageOfPage\":{\"@id\":\"https:\/\/archives.legrandrepas.fr\/2024\/pour-une-alimentation-responsable\/circuits-courts-et-produits-du-terroir\/#primaryimage\"},\"image\":{\"@id\":\"https:\/\/archives.legrandrepas.fr\/2024\/pour-une-alimentation-responsable\/circuits-courts-et-produits-du-terroir\/#primaryimage\"},\"thumbnailUrl\":\"https:\/\/archives.legrandrepas.fr\/2024\/wp-content\/uploads\/2022\/06\/slide1-1400x700-1.jpg\",\"datePublished\":\"2022-06-22T09:02:48+00:00\",\"dateModified\":\"2022-06-28T12:39:34+00:00\",\"breadcrumb\":{\"@id\":\"https:\/\/archives.legrandrepas.fr\/2024\/pour-une-alimentation-responsable\/circuits-courts-et-produits-du-terroir\/#breadcrumb\"},\"inLanguage\":\"fr-FR\",\"potentialAction\":[{\"@type\":\"ReadAction\",\"target\":[\"https:\/\/archives.legrandrepas.fr\/2024\/pour-une-alimentation-responsable\/circuits-courts-et-produits-du-terroir\/\"]}]},{\"@type\":\"ImageObject\",\"inLanguage\":\"fr-FR\",\"@id\":\"https:\/\/archives.legrandrepas.fr\/2024\/pour-une-alimentation-responsable\/circuits-courts-et-produits-du-terroir\/#primaryimage\",\"url\":\"https:\/\/archives.legrandrepas.fr\/2024\/wp-content\/uploads\/2022\/06\/slide1-1400x700-1.jpg\",\"contentUrl\":\"https:\/\/archives.legrandrepas.fr\/2024\/wp-content\/uploads\/2022\/06\/slide1-1400x700-1.jpg\",\"width\":1400,\"height\":700},{\"@type\":\"BreadcrumbList\",\"@id\":\"https:\/\/archives.legrandrepas.fr\/2024\/pour-une-alimentation-responsable\/circuits-courts-et-produits-du-terroir\/#breadcrumb\",\"itemListElement\":[{\"@type\":\"ListItem\",\"position\":1,\"name\":\"Accueil\",\"item\":\"https:\/\/archives.legrandrepas.fr\/2024\/\"},{\"@type\":\"ListItem\",\"position\":2,\"name\":\"Pour une alimentation responsable\",\"item\":\"https:\/\/archives.legrandrepas.fr\/2024\/pour-une-alimentation-responsable\/\"},{\"@type\":\"ListItem\",\"position\":3,\"name\":\"Circuits courts et produits du terroir\"}]},{\"@type\":\"WebSite\",\"@id\":\"https:\/\/archives.legrandrepas.fr\/2024\/#website\",\"url\":\"https:\/\/archives.legrandrepas.fr\/2024\/\",\"name\":\"Le Grand Repas\",\"description\":\"Le m\u00eame menu, le m\u00eame jour,  partag\u00e9 par tous les citoyens d&#039;un m\u00eame territoire\",\"publisher\":{\"@id\":\"https:\/\/archives.legrandrepas.fr\/2024\/#organization\"},\"potentialAction\":[{\"@type\":\"SearchAction\",\"target\":{\"@type\":\"EntryPoint\",\"urlTemplate\":\"https:\/\/archives.legrandrepas.fr\/2024\/?s={search_term_string}\"},\"query-input\":\"required name=search_term_string\"}],\"inLanguage\":\"fr-FR\"},{\"@type\":\"Organization\",\"@id\":\"https:\/\/archives.legrandrepas.fr\/2024\/#organization\",\"name\":\"Association Le Grand Repas\",\"url\":\"https:\/\/archives.legrandrepas.fr\/2024\/\",\"logo\":{\"@type\":\"ImageObject\",\"inLanguage\":\"fr-FR\",\"@id\":\"https:\/\/archives.legrandrepas.fr\/2024\/#\/schema\/logo\/image\/\",\"url\":\"https:\/\/archives.legrandrepas.fr\/wp-content\/uploads\/2022\/06\/logo-LGR.png\",\"contentUrl\":\"https:\/\/archives.legrandrepas.fr\/wp-content\/uploads\/2022\/06\/logo-LGR.png\",\"width\":1280,\"height\":1278,\"caption\":\"Association Le Grand Repas\"},\"image\":{\"@id\":\"https:\/\/archives.legrandrepas.fr\/2024\/#\/schema\/logo\/image\/\"},\"sameAs\":[\"https:\/\/www.facebook.com\/LeGrandRepas\/\",\"https:\/\/www.linkedin.com\/company\/79483218\/admin\/notifications\/all\/\",\"https:\/\/www.instagram.com\/LeGrandRepas\/\"]}]}<\/script>\n<!-- \/ Yoast SEO plugin. -->","yoast_head_json":{"title":"Circuits courts et produits du terroir - Le Grand Repas","robots":{"index":"index","follow":"follow","max-snippet":"max-snippet:-1","max-image-preview":"max-image-preview:large","max-video-preview":"max-video-preview:-1"},"canonical":"https:\/\/archives.legrandrepas.fr\/2024\/pour-une-alimentation-responsable\/circuits-courts-et-produits-du-terroir\/","og_locale":"fr_FR","og_type":"article","og_title":"Circuits courts et produits du terroir - Le Grand Repas","og_url":"https:\/\/archives.legrandrepas.fr\/2024\/pour-une-alimentation-responsable\/circuits-courts-et-produits-du-terroir\/","og_site_name":"Le Grand Repas","article_publisher":"https:\/\/www.facebook.com\/LeGrandRepas\/","article_modified_time":"2022-06-28T12:39:34+00:00","og_image":[{"width":1400,"height":700,"url":"https:\/\/archives.legrandrepas.fr\/2024\/wp-content\/uploads\/2022\/06\/slide1-1400x700-1.jpg","type":"image\/jpeg"}],"twitter_card":"summary_large_image","schema":{"@context":"https:\/\/schema.org","@graph":[{"@type":"WebPage","@id":"https:\/\/archives.legrandrepas.fr\/2024\/pour-une-alimentation-responsable\/circuits-courts-et-produits-du-terroir\/","url":"https:\/\/archives.legrandrepas.fr\/2024\/pour-une-alimentation-responsable\/circuits-courts-et-produits-du-terroir\/","name":"Circuits courts et produits du terroir - Le Grand Repas","isPartOf":{"@id":"https:\/\/archives.legrandrepas.fr\/2024\/#website"},"primaryImageOfPage":{"@id":"https:\/\/archives.legrandrepas.fr\/2024\/pour-une-alimentation-responsable\/circuits-courts-et-produits-du-terroir\/#primaryimage"},"image":{"@id":"https:\/\/archives.legrandrepas.fr\/2024\/pour-une-alimentation-responsable\/circuits-courts-et-produits-du-terroir\/#primaryimage"},"thumbnailUrl":"https:\/\/archives.legrandrepas.fr\/2024\/wp-content\/uploads\/2022\/06\/slide1-1400x700-1.jpg","datePublished":"2022-06-22T09:02:48+00:00","dateModified":"2022-06-28T12:39:34+00:00","breadcrumb":{"@id":"https:\/\/archives.legrandrepas.fr\/2024\/pour-une-alimentation-responsable\/circuits-courts-et-produits-du-terroir\/#breadcrumb"},"inLanguage":"fr-FR","potentialAction":[{"@type":"ReadAction","target":["https:\/\/archives.legrandrepas.fr\/2024\/pour-une-alimentation-responsable\/circuits-courts-et-produits-du-terroir\/"]}]},{"@type":"ImageObject","inLanguage":"fr-FR","@id":"https:\/\/archives.legrandrepas.fr\/2024\/pour-une-alimentation-responsable\/circuits-courts-et-produits-du-terroir\/#primaryimage","url":"https:\/\/archives.legrandrepas.fr\/2024\/wp-content\/uploads\/2022\/06\/slide1-1400x700-1.jpg","contentUrl":"https:\/\/archives.legrandrepas.fr\/2024\/wp-content\/uploads\/2022\/06\/slide1-1400x700-1.jpg","width":1400,"height":700},{"@type":"BreadcrumbList","@id":"https:\/\/archives.legrandrepas.fr\/2024\/pour-une-alimentation-responsable\/circuits-courts-et-produits-du-terroir\/#breadcrumb","itemListElement":[{"@type":"ListItem","position":1,"name":"Accueil","item":"https:\/\/archives.legrandrepas.fr\/2024\/"},{"@type":"ListItem","position":2,"name":"Pour une alimentation responsable","item":"https:\/\/archives.legrandrepas.fr\/2024\/pour-une-alimentation-responsable\/"},{"@type":"ListItem","position":3,"name":"Circuits courts et produits du terroir"}]},{"@type":"WebSite","@id":"https:\/\/archives.legrandrepas.fr\/2024\/#website","url":"https:\/\/archives.legrandrepas.fr\/2024\/","name":"Le Grand Repas","description":"Le m\u00eame menu, le m\u00eame jour,  partag\u00e9 par tous les citoyens d&#039;un m\u00eame territoire","publisher":{"@id":"https:\/\/archives.legrandrepas.fr\/2024\/#organization"},"potentialAction":[{"@type":"SearchAction","target":{"@type":"EntryPoint","urlTemplate":"https:\/\/archives.legrandrepas.fr\/2024\/?s={search_term_string}"},"query-input":"required name=search_term_string"}],"inLanguage":"fr-FR"},{"@type":"Organization","@id":"https:\/\/archives.legrandrepas.fr\/2024\/#organization","name":"Association Le Grand Repas","url":"https:\/\/archives.legrandrepas.fr\/2024\/","logo":{"@type":"ImageObject","inLanguage":"fr-FR","@id":"https:\/\/archives.legrandrepas.fr\/2024\/#\/schema\/logo\/image\/","url":"https:\/\/archives.legrandrepas.fr\/wp-content\/uploads\/2022\/06\/logo-LGR.png","contentUrl":"https:\/\/archives.legrandrepas.fr\/wp-content\/uploads\/2022\/06\/logo-LGR.png","width":1280,"height":1278,"caption":"Association Le Grand Repas"},"image":{"@id":"https:\/\/archives.legrandrepas.fr\/2024\/#\/schema\/logo\/image\/"},"sameAs":["https:\/\/www.facebook.com\/LeGrandRepas\/","https:\/\/www.linkedin.com\/company\/79483218\/admin\/notifications\/all\/","https:\/\/www.instagram.com\/LeGrandRepas\/"]}]}},"_links":{"self":[{"href":"https:\/\/archives.legrandrepas.fr\/2024\/wp-json\/wp\/v2\/pages\/287","targetHints":{"allow":["GET"]}}],"collection":[{"href":"https:\/\/archives.legrandrepas.fr\/2024\/wp-json\/wp\/v2\/pages"}],"about":[{"href":"https:\/\/archives.legrandrepas.fr\/2024\/wp-json\/wp\/v2\/types\/page"}],"author":[{"embeddable":true,"href":"https:\/\/archives.legrandrepas.fr\/2024\/wp-json\/wp\/v2\/users\/1"}],"replies":[{"embeddable":true,"href":"https:\/\/archives.legrandrepas.fr\/2024\/wp-json\/wp\/v2\/comments?post=287"}],"version-history":[{"count":10,"href":"https:\/\/archives.legrandrepas.fr\/2024\/wp-json\/wp\/v2\/pages\/287\/revisions"}],"predecessor-version":[{"id":853,"href":"https:\/\/archives.legrandrepas.fr\/2024\/wp-json\/wp\/v2\/pages\/287\/revisions\/853"}],"up":[{"embeddable":true,"href":"https:\/\/archives.legrandrepas.fr\/2024\/wp-json\/wp\/v2\/pages\/201"}],"wp:featuredmedia":[{"embeddable":true,"href":"https:\/\/archives.legrandrepas.fr\/2024\/wp-json\/wp\/v2\/media\/755"}],"wp:attachment":[{"href":"https:\/\/archives.legrandrepas.fr\/2024\/wp-json\/wp\/v2\/media?parent=287"}],"curies":[{"name":"wp","href":"https:\/\/api.w.org\/{rel}","templated":true}]}}