{"id":6,"date":"2022-06-13T11:42:59","date_gmt":"2022-06-13T09:42:59","guid":{"rendered":"https:\/\/archives.legrandrepas.fr\/?page_id=6"},"modified":"2025-01-14T11:42:14","modified_gmt":"2025-01-14T10:42:14","slug":"accueil","status":"publish","type":"page","link":"https:\/\/archives.legrandrepas.fr\/2024\/","title":{"rendered":"Accueil"},"content":{"rendered":"","protected":false},"excerpt":{"rendered":"","protected":false},"author":1,"featured_media":0,"parent":0,"menu_order":0,"comment_status":"closed","ping_status":"closed","template":"","meta":{"_acf_changed":false,"footnotes":""},"class_list":["post-6","page","type-page","status-publish","hentry"],"acf":[],"yoast_head":"<!-- This site is optimized with the Yoast SEO plugin v22.4 - https:\/\/yoast.com\/wordpress\/plugins\/seo\/ -->\n<title>Le Grand Repas - Accueil<\/title>\n<meta name=\"description\" content=\"Une fois par an, l\u2019association Le Grand Repas propose aux citoyens de partager tous ensemble le m\u00eame menu con\u00e7u \u00e0 base de produits locaux et de saison, le m\u00eame jour sur leur Territoire, partout en France.\" \/>\n<meta name=\"robots\" content=\"index, follow, max-snippet:-1, max-image-preview:large, max-video-preview:-1\" \/>\n<link rel=\"canonical\" href=\"https:\/\/archives.legrandrepas.fr\/2024\/\" \/>\n<meta property=\"og:locale\" content=\"fr_FR\" \/>\n<meta property=\"og:type\" content=\"article\" \/>\n<meta property=\"og:title\" content=\"Le Grand Repas - Accueil\" \/>\n<meta property=\"og:description\" content=\"Une fois par an, l\u2019association Le Grand Repas propose aux citoyens de partager tous ensemble le m\u00eame menu con\u00e7u \u00e0 base de produits locaux et de saison, le m\u00eame jour sur leur Territoire, partout en France.\" \/>\n<meta property=\"og:url\" content=\"https:\/\/archives.legrandrepas.fr\/2024\/\" \/>\n<meta property=\"og:site_name\" content=\"Le Grand Repas\" \/>\n<meta property=\"article:publisher\" content=\"https:\/\/www.facebook.com\/LeGrandRepas\/\" \/>\n<meta property=\"article:modified_time\" content=\"2025-01-14T10:42:14+00:00\" \/>\n<meta name=\"twitter:card\" content=\"summary_large_image\" \/>\n<meta name=\"twitter:label1\" content=\"Dur\u00e9e de lecture estim\u00e9e\" \/>\n\t<meta name=\"twitter:data1\" content=\"11 minutes\" \/>\n<script type=\"application\/ld+json\" class=\"yoast-schema-graph\">{\"@context\":\"https:\/\/schema.org\",\"@graph\":[{\"@type\":\"WebPage\",\"@id\":\"https:\/\/archives.legrandrepas.fr\/2024\/\",\"url\":\"https:\/\/archives.legrandrepas.fr\/2024\/\",\"name\":\"Le Grand Repas - Accueil\",\"isPartOf\":{\"@id\":\"https:\/\/archives.legrandrepas.fr\/2024\/#website\"},\"datePublished\":\"2022-06-13T09:42:59+00:00\",\"dateModified\":\"2025-01-14T10:42:14+00:00\",\"description\":\"Une fois par an, l\u2019association Le Grand Repas propose aux citoyens de partager tous ensemble le m\u00eame menu con\u00e7u \u00e0 base de produits locaux et de saison, le m\u00eame jour sur leur Territoire, partout en France.\",\"breadcrumb\":{\"@id\":\"https:\/\/archives.legrandrepas.fr\/2024\/#breadcrumb\"},\"inLanguage\":\"fr-FR\",\"potentialAction\":[{\"@type\":\"ReadAction\",\"target\":[\"https:\/\/archives.legrandrepas.fr\/2024\/\"]}]},{\"@type\":\"BreadcrumbList\",\"@id\":\"https:\/\/archives.legrandrepas.fr\/2024\/#breadcrumb\",\"itemListElement\":[{\"@type\":\"ListItem\",\"position\":1,\"name\":\"Accueil\",\"item\":\"https:\/\/archives.legrandrepas.fr\/2024\/\"},{\"@type\":\"ListItem\",\"position\":2,\"name\":\"Accueil\"}]},{\"@type\":\"WebSite\",\"@id\":\"https:\/\/archives.legrandrepas.fr\/2024\/#website\",\"url\":\"https:\/\/archives.legrandrepas.fr\/2024\/\",\"name\":\"Le Grand Repas\",\"description\":\"Le m\u00eame menu, le m\u00eame jour,  partag\u00e9 par tous les citoyens d&#039;un m\u00eame territoire\",\"publisher\":{\"@id\":\"https:\/\/archives.legrandrepas.fr\/2024\/#organization\"},\"potentialAction\":[{\"@type\":\"SearchAction\",\"target\":{\"@type\":\"EntryPoint\",\"urlTemplate\":\"https:\/\/archives.legrandrepas.fr\/2024\/?s={search_term_string}\"},\"query-input\":\"required name=search_term_string\"}],\"inLanguage\":\"fr-FR\"},{\"@type\":\"Organization\",\"@id\":\"https:\/\/archives.legrandrepas.fr\/2024\/#organization\",\"name\":\"Association Le Grand Repas\",\"url\":\"https:\/\/archives.legrandrepas.fr\/2024\/\",\"logo\":{\"@type\":\"ImageObject\",\"inLanguage\":\"fr-FR\",\"@id\":\"https:\/\/archives.legrandrepas.fr\/2024\/#\/schema\/logo\/image\/\",\"url\":\"https:\/\/archives.legrandrepas.fr\/wp-content\/uploads\/2022\/06\/logo-LGR.png\",\"contentUrl\":\"https:\/\/archives.legrandrepas.fr\/wp-content\/uploads\/2022\/06\/logo-LGR.png\",\"width\":1280,\"height\":1278,\"caption\":\"Association Le Grand Repas\"},\"image\":{\"@id\":\"https:\/\/archives.legrandrepas.fr\/2024\/#\/schema\/logo\/image\/\"},\"sameAs\":[\"https:\/\/www.facebook.com\/LeGrandRepas\/\",\"https:\/\/www.linkedin.com\/company\/79483218\/admin\/notifications\/all\/\",\"https:\/\/www.instagram.com\/LeGrandRepas\/\"]}]}<\/script>\n<!-- \/ Yoast SEO plugin. -->","yoast_head_json":{"title":"Le Grand Repas - Accueil","description":"Une fois par an, l\u2019association Le Grand Repas propose aux citoyens de partager tous ensemble le m\u00eame menu con\u00e7u \u00e0 base de produits locaux et de saison, le m\u00eame jour sur leur Territoire, partout en France.","robots":{"index":"index","follow":"follow","max-snippet":"max-snippet:-1","max-image-preview":"max-image-preview:large","max-video-preview":"max-video-preview:-1"},"canonical":"https:\/\/archives.legrandrepas.fr\/2024\/","og_locale":"fr_FR","og_type":"article","og_title":"Le Grand Repas - Accueil","og_description":"Une fois par an, l\u2019association Le Grand Repas propose aux citoyens de partager tous ensemble le m\u00eame menu con\u00e7u \u00e0 base de produits locaux et de saison, le m\u00eame jour sur leur Territoire, partout en France.","og_url":"https:\/\/archives.legrandrepas.fr\/2024\/","og_site_name":"Le Grand Repas","article_publisher":"https:\/\/www.facebook.com\/LeGrandRepas\/","article_modified_time":"2025-01-14T10:42:14+00:00","twitter_card":"summary_large_image","twitter_misc":{"Dur\u00e9e de lecture estim\u00e9e":"11 minutes"},"schema":{"@context":"https:\/\/schema.org","@graph":[{"@type":"WebPage","@id":"https:\/\/archives.legrandrepas.fr\/2024\/","url":"https:\/\/archives.legrandrepas.fr\/2024\/","name":"Le Grand Repas - Accueil","isPartOf":{"@id":"https:\/\/archives.legrandrepas.fr\/2024\/#website"},"datePublished":"2022-06-13T09:42:59+00:00","dateModified":"2025-01-14T10:42:14+00:00","description":"Une fois par an, l\u2019association Le Grand Repas propose aux citoyens de partager tous ensemble le m\u00eame menu con\u00e7u \u00e0 base de produits locaux et de saison, le m\u00eame jour sur leur Territoire, partout en France.","breadcrumb":{"@id":"https:\/\/archives.legrandrepas.fr\/2024\/#breadcrumb"},"inLanguage":"fr-FR","potentialAction":[{"@type":"ReadAction","target":["https:\/\/archives.legrandrepas.fr\/2024\/"]}]},{"@type":"BreadcrumbList","@id":"https:\/\/archives.legrandrepas.fr\/2024\/#breadcrumb","itemListElement":[{"@type":"ListItem","position":1,"name":"Accueil","item":"https:\/\/archives.legrandrepas.fr\/2024\/"},{"@type":"ListItem","position":2,"name":"Accueil"}]},{"@type":"WebSite","@id":"https:\/\/archives.legrandrepas.fr\/2024\/#website","url":"https:\/\/archives.legrandrepas.fr\/2024\/","name":"Le Grand Repas","description":"Le m\u00eame menu, le m\u00eame jour,  partag\u00e9 par tous les citoyens d&#039;un m\u00eame territoire","publisher":{"@id":"https:\/\/archives.legrandrepas.fr\/2024\/#organization"},"potentialAction":[{"@type":"SearchAction","target":{"@type":"EntryPoint","urlTemplate":"https:\/\/archives.legrandrepas.fr\/2024\/?s={search_term_string}"},"query-input":"required name=search_term_string"}],"inLanguage":"fr-FR"},{"@type":"Organization","@id":"https:\/\/archives.legrandrepas.fr\/2024\/#organization","name":"Association Le Grand Repas","url":"https:\/\/archives.legrandrepas.fr\/2024\/","logo":{"@type":"ImageObject","inLanguage":"fr-FR","@id":"https:\/\/archives.legrandrepas.fr\/2024\/#\/schema\/logo\/image\/","url":"https:\/\/archives.legrandrepas.fr\/wp-content\/uploads\/2022\/06\/logo-LGR.png","contentUrl":"https:\/\/archives.legrandrepas.fr\/wp-content\/uploads\/2022\/06\/logo-LGR.png","width":1280,"height":1278,"caption":"Association Le Grand Repas"},"image":{"@id":"https:\/\/archives.legrandrepas.fr\/2024\/#\/schema\/logo\/image\/"},"sameAs":["https:\/\/www.facebook.com\/LeGrandRepas\/","https:\/\/www.linkedin.com\/company\/79483218\/admin\/notifications\/all\/","https:\/\/www.instagram.com\/LeGrandRepas\/"]}]}},"_links":{"self":[{"href":"https:\/\/archives.legrandrepas.fr\/2024\/wp-json\/wp\/v2\/pages\/6","targetHints":{"allow":["GET"]}}],"collection":[{"href":"https:\/\/archives.legrandrepas.fr\/2024\/wp-json\/wp\/v2\/pages"}],"about":[{"href":"https:\/\/archives.legrandrepas.fr\/2024\/wp-json\/wp\/v2\/types\/page"}],"author":[{"embeddable":true,"href":"https:\/\/archives.legrandrepas.fr\/2024\/wp-json\/wp\/v2\/users\/1"}],"replies":[{"embeddable":true,"href":"https:\/\/archives.legrandrepas.fr\/2024\/wp-json\/wp\/v2\/comments?post=6"}],"version-history":[{"count":164,"href":"https:\/\/archives.legrandrepas.fr\/2024\/wp-json\/wp\/v2\/pages\/6\/revisions"}],"predecessor-version":[{"id":9944,"href":"https:\/\/archives.legrandrepas.fr\/2024\/wp-json\/wp\/v2\/pages\/6\/revisions\/9944"}],"wp:attachment":[{"href":"https:\/\/archives.legrandrepas.fr\/2024\/wp-json\/wp\/v2\/media?parent=6"}],"curies":[{"name":"wp","href":"https:\/\/api.w.org\/{rel}","templated":true}]}}