{"id":6607,"date":"2024-05-29T09:56:26","date_gmt":"2024-05-29T07:56:26","guid":{"rendered":"https:\/\/archives.legrandrepas.fr\/?page_id=6607"},"modified":"2024-05-31T16:43:45","modified_gmt":"2024-05-31T14:43:45","slug":"jai-plus-de-5-etablissements-a-inscrire","status":"publish","type":"page","link":"https:\/\/archives.legrandrepas.fr\/2024\/participez\/je-souhaite-inscrire-mon-mes-etabliseements-pour-le-grand-repas\/jai-plus-de-5-etablissements-a-inscrire\/","title":{"rendered":"J&rsquo;ai plus de 5 \u00e9tablissements \u00e0 inscrire"},"content":{"rendered":"<script type=\"text\/javascript\">var gform;gform||(document.addEventListener(\"gform_main_scripts_loaded\",function(){gform.scriptsLoaded=!0}),window.addEventListener(\"DOMContentLoaded\",function(){gform.domLoaded=!0}),gform={domLoaded:!1,scriptsLoaded:!1,initializeOnLoaded:function(o){gform.domLoaded&&gform.scriptsLoaded?o():!gform.domLoaded&&gform.scriptsLoaded?window.addEventListener(\"DOMContentLoaded\",o):document.addEventListener(\"gform_main_scripts_loaded\",o)},hooks:{action:{},filter:{}},addAction:function(o,n,r,t){gform.addHook(\"action\",o,n,r,t)},addFilter:function(o,n,r,t){gform.addHook(\"filter\",o,n,r,t)},doAction:function(o){gform.doHook(\"action\",o,arguments)},applyFilters:function(o){return gform.doHook(\"filter\",o,arguments)},removeAction:function(o,n){gform.removeHook(\"action\",o,n)},removeFilter:function(o,n,r){gform.removeHook(\"filter\",o,n,r)},addHook:function(o,n,r,t,i){null==gform.hooks[o][n]&&(gform.hooks[o][n]=[]);var e=gform.hooks[o][n];null==i&&(i=n+\"_\"+e.length),gform.hooks[o][n].push({tag:i,callable:r,priority:t=null==t?10:t})},doHook:function(n,o,r){var t;if(r=Array.prototype.slice.call(r,1),null!=gform.hooks[n][o]&&((o=gform.hooks[n][o]).sort(function(o,n){return o.priority-n.priority}),o.forEach(function(o){\"function\"!=typeof(t=o.callable)&&(t=window[t]),\"action\"==n?t.apply(null,r):r[0]=t.apply(null,r)})),\"filter\"==n)return r[0]},removeHook:function(o,n,t,i){var r;null!=gform.hooks[o][n]&&(r=(r=gform.hooks[o][n]).filter(function(o,n,r){return!!(null!=i&&i!=o.tag||null!=t&&t!=o.priority)}),gform.hooks[o][n]=r)}});<\/script>\n                <div class='gf_browser_gecko gform_wrapper gravity-theme gform-theme--no-framework' data-form-theme='gravity-theme' data-form-index='0' id='gform_wrapper_5' >\n                        <div class='gform_heading'>\n                            <h2 class=\"gform_title\">J'ai plus de 5 \u00e9tablissements \u00e0 inscrire<\/h2>\n                            <p class='gform_description'><\/p>\n                        <\/div><form method='post' enctype='multipart\/form-data'  id='gform_5'  action='\/2024\/wp-json\/wp\/v2\/pages\/6607' data-formid='5' novalidate>\n                        <div class='gform-body gform_body'><div id='gform_fields_5' class='gform_fields top_label form_sublabel_below description_below validation_below'><div id=\"field_5_1\" class=\"gfield gfield--type-html gfield_html gfield_html_formatted gfield_no_follows_desc field_sublabel_below gfield--no-description field_description_below field_validation_below gfield_visibility_visible\"  data-js-reload=\"field_5_1\" ><h3>\u00c9tape 1 : On veut vous conna\u00eetre !<\/h3><\/div><div id=\"field_5_3\" class=\"gfield gfield--type-text gfield--width-quarter gfield_contains_required field_sublabel_below gfield--no-description field_description_below field_validation_below gfield_visibility_visible\"  data-js-reload=\"field_5_3\" ><label class='gfield_label gform-field-label' for='input_5_3'>Pr\u00e9nom *<span class=\"gfield_required\"><span class=\"gfield_required gfield_required_text\">(N\u00e9cessaire)<\/span><\/span><\/label><div class='ginput_container ginput_container_text'><input name='input_3' id='input_5_3' type='text' value='' class='large'     aria-required=\"true\" aria-invalid=\"false\"   \/> <\/div><\/div><div id=\"field_5_4\" class=\"gfield gfield--type-text gfield--width-quarter gfield_contains_required field_sublabel_below gfield--no-description field_description_below field_validation_below gfield_visibility_visible\"  data-js-reload=\"field_5_4\" ><label class='gfield_label gform-field-label' for='input_5_4'>Nom *<span class=\"gfield_required\"><span class=\"gfield_required gfield_required_text\">(N\u00e9cessaire)<\/span><\/span><\/label><div class='ginput_container ginput_container_text'><input name='input_4' id='input_5_4' type='text' value='' class='large'     aria-required=\"true\" aria-invalid=\"false\"   \/> <\/div><\/div><div id=\"field_5_5\" class=\"gfield gfield--type-text gfield--width-quarter field_sublabel_below gfield--no-description field_description_below field_validation_below gfield_visibility_visible\"  data-js-reload=\"field_5_5\" ><label class='gfield_label gform-field-label' for='input_5_5'>Fonction<\/label><div class='ginput_container ginput_container_text'><input name='input_5' id='input_5_5' type='text' value='' class='large'      aria-invalid=\"false\"   \/> <\/div><\/div><div id=\"field_5_6\" class=\"gfield gfield--type-text gfield--width-quarter gfield_contains_required field_sublabel_below gfield--no-description field_description_below field_validation_below gfield_visibility_visible\"  data-js-reload=\"field_5_6\" ><label class='gfield_label gform-field-label' for='input_5_6'>Soci\u00e9t\u00e9\/Organisme\/Collectivit\u00e9 *<span class=\"gfield_required\"><span class=\"gfield_required gfield_required_text\">(N\u00e9cessaire)<\/span><\/span><\/label><div class='ginput_container ginput_container_text'><input name='input_6' id='input_5_6' type='text' value='' class='large'     aria-required=\"true\" aria-invalid=\"false\"   \/> <\/div><\/div><div id=\"field_5_7\" class=\"gfield gfield--type-email gfield--width-quarter gfield_contains_required field_sublabel_below gfield--no-description field_description_below field_validation_below gfield_visibility_visible\"  data-js-reload=\"field_5_7\" ><label class='gfield_label gform-field-label' for='input_5_7'>Mail *<span class=\"gfield_required\"><span class=\"gfield_required gfield_required_text\">(N\u00e9cessaire)<\/span><\/span><\/label><div class='ginput_container ginput_container_email'>\n                            <input name='input_7' id='input_5_7' type='email' value='' class='large'    aria-required=\"true\" aria-invalid=\"false\"  \/>\n                        <\/div><\/div><div id=\"field_5_8\" class=\"gfield gfield--type-phone gfield--width-quarter gfield_contains_required field_sublabel_below gfield--no-description field_description_below field_validation_below gfield_visibility_visible\"  data-js-reload=\"field_5_8\" ><label class='gfield_label gform-field-label' for='input_5_8'>T\u00e9l\u00e9phone *<span class=\"gfield_required\"><span class=\"gfield_required gfield_required_text\">(N\u00e9cessaire)<\/span><\/span><\/label><div class='ginput_container ginput_container_phone'><input name='input_8' id='input_5_8' type='tel' value='' class='large'   aria-required=\"true\" aria-invalid=\"false\"   \/><\/div><\/div><div id=\"field_5_9\" class=\"gfield gfield--type-html gfield--width-quarter gfield_html gfield_html_formatted gfield_no_follows_desc field_sublabel_below gfield--no-description field_description_below field_validation_below gfield_visibility_visible\"  data-js-reload=\"field_5_9\" ><\/div><div id=\"field_5_10\" class=\"gfield gfield--type-html gfield--width-quarter gfield_html gfield_html_formatted gfield_no_follows_desc field_sublabel_below gfield--no-description field_description_below field_validation_below gfield_visibility_visible\"  data-js-reload=\"field_5_10\" ><\/div><div id=\"field_5_11\" class=\"gfield gfield--type-html gfield--width-full gfield_html gfield_html_formatted gfield_no_follows_desc field_sublabel_below gfield--no-description field_description_below field_validation_below gfield_visibility_visible\"  data-js-reload=\"field_5_11\" ><h3 class=\"mt-8\">\u00c9tape 2 : Je t\u00e9l\u00e9charge le formulaire ci-dessous que je remplis et que je renvoie \u00e0 l'association<\/h3>\n<section class=\"downloads\">\n  <div class=\"headings\">\n    <h4>Ajouter plusieurs \u00e9tablissements<\/h4>\n    <a href=\"https:\/\/www.legrandrepas.fr\/wp-content\/uploads\/2024\/05\/exemple-excel.xlsx\" target=\"_blank\">T\u00e9l\u00e9charger le fichier Excel<\/a>\n  <\/div>\n  <div class=\"tuto\">\n    <h4>Astuce | Comment utiliser le fichier Excel :<\/h4>\n    <p>Voici les \u00e9tapes \u00e0 suivre pour inscrire plusieurs \u00e9tablissement !<\/p>\n    <ul>\n      <li><strong>\u00c9tape 1 :<\/strong> T\u00e9l\u00e9chargez le fichier Excel.<\/li>\n      <li><strong>\u00c9tape 2 :<\/strong> Renommez-le en \"VOTRE_TERRITOIRE+NOM_CONTACT_LOCAL\".<\/li>\n      <li><strong>\u00c9tape 3 :<\/strong> Remplissez les diff\u00e9rentes colonnes en veillant \u00e0 ce que toutes les informations soient compl\u00e8tes et correctes.<\/li>\n      <li><strong>\u00c9tape 4 :<\/strong> Enregistrez-le sur votre ordinateur et renvoyer le \u00e0 l'association Le Grand Repas (<a href=\"mailto:inscriptionlgr@legrandrepas.fr\"><strong>inscriptionlgr@legrandrepas.fr<\/strong><\/a>), en y joignant les logos des \u00e9tablissements !<\/li>\n    <\/ul>\n  <\/div>\n<\/section><\/div><fieldset id=\"field_5_13\" class=\"gfield gfield--type-consent gfield--type-choice gfield--width-full gfield_contains_required field_sublabel_below gfield--has-description field_description_below hidden_label field_validation_below gfield_visibility_visible\"  data-js-reload=\"field_5_13\" ><legend class='gfield_label gform-field-label gfield_label_before_complex' >RGPD<span class=\"gfield_required\"><span class=\"gfield_required gfield_required_text\">(N\u00e9cessaire)<\/span><\/span><\/legend><div class='ginput_container ginput_container_consent'><input name='input_13.1' id='input_5_13_1' type='checkbox' value='1'  aria-describedby=\"gfield_consent_description_5_13\" aria-required=\"true\" aria-invalid=\"false\"   \/> <label class=\"gform-field-label gform-field-label--type-inline gfield_consent_label\" for='input_5_13_1' >Je m'engage \u00e0 respecter la charte du Grand Repas<span class=\"gfield_required gfield_required_text\">(N\u00e9cessaire)<\/span><\/label><input type='hidden' name='input_13.2' value='Je m&#039;engage \u00e0 respecter la charte du Grand Repas' class='gform_hidden' \/><input type='hidden' name='input_13.3' value='4' class='gform_hidden' \/><\/div><div class='gfield_description gfield_consent_description' id='gfield_consent_description_5_13'>T\u00e9l\u00e9charger la charte<\/div><\/fieldset><div id=\"field_5_14\" class=\"gfield gfield--type-html gfield--width-full gfield_html gfield_html_formatted field_sublabel_below gfield--no-description field_description_below field_validation_below gfield_visibility_visible\"  data-js-reload=\"field_5_14\" ><div class=\"conditions\"><strong>L'inscription finale de mes \u00e9tablissements sera valid\u00e9e suite \u00e0 mon envoi par email du ficher Excel rempli et des logos<\/strong><\/div><\/div><\/div><\/div>\n        <div class='gform_footer before'> <input type='submit' id='gform_submit_button_5' class='gform_button button' value='Je valide ma pr\u00e9inscription'  onclick='if(window[\"gf_submitting_5\"]){return false;}  if( !jQuery(\"#gform_5\")[0].checkValidity || jQuery(\"#gform_5\")[0].checkValidity()){window[\"gf_submitting_5\"]=true;}  ' onkeypress='if( event.keyCode == 13 ){ if(window[\"gf_submitting_5\"]){return false;} if( !jQuery(\"#gform_5\")[0].checkValidity || jQuery(\"#gform_5\")[0].checkValidity()){window[\"gf_submitting_5\"]=true;}  jQuery(\"#gform_5\").trigger(\"submit\",[true]); }' \/> \n            <input type='hidden' class='gform_hidden' name='is_submit_5' value='1' \/>\n            <input type='hidden' class='gform_hidden' name='gform_submit' value='5' \/>\n            \n            <input type='hidden' class='gform_hidden' name='gform_unique_id' value='' \/>\n            <input type='hidden' class='gform_hidden' name='state_5' value='WyJ7XCIxMy4xXCI6XCI4N2JiZGIwMjlmMjE5YmU4MWIwMjBkYTdhMzU3MmRlZlwiLFwiMTMuMlwiOlwiMmQ2NmE4NGU5ODI0YzcyYmM5ZjNhMTE4YzM2YmI1N2JcIixcIjEzLjNcIjpcIjg0ZWJjZTc0OWZlODg5NmIyODI4ZWYwMGI5ZDY3NGJkXCJ9IiwiYTZhMGY3N2RkZDJmNzA3YThkMTA5MDg2M2FkMWFlZDYiXQ==' \/>\n            <input type='hidden' class='gform_hidden' name='gform_target_page_number_5' id='gform_target_page_number_5' value='0' \/>\n            <input type='hidden' class='gform_hidden' name='gform_source_page_number_5' id='gform_source_page_number_5' value='1' \/>\n            <input type='hidden' name='gform_field_values' value='' \/>\n            \n        <\/div>\n                        <\/form>\n                        <\/div><script>\ngform.initializeOnLoaded( function() {gformInitSpinner( 5, 'https:\/\/archives.legrandrepas.fr\/2024\/wp-content\/plugins\/gravityforms\/images\/spinner.svg', true );jQuery('#gform_ajax_frame_5').on('load',function(){var contents = jQuery(this).contents().find('*').html();var is_postback = contents.indexOf('GF_AJAX_POSTBACK') >= 0;if(!is_postback){return;}var form_content = jQuery(this).contents().find('#gform_wrapper_5');var is_confirmation = jQuery(this).contents().find('#gform_confirmation_wrapper_5').length > 0;var is_redirect = contents.indexOf('gformRedirect(){') >= 0;var is_form = form_content.length > 0 && ! is_redirect && ! is_confirmation;var mt = parseInt(jQuery('html').css('margin-top'), 10) + parseInt(jQuery('body').css('margin-top'), 10) + 100;if(is_form){jQuery('#gform_wrapper_5').html(form_content.html());if(form_content.hasClass('gform_validation_error')){jQuery('#gform_wrapper_5').addClass('gform_validation_error');} else {jQuery('#gform_wrapper_5').removeClass('gform_validation_error');}setTimeout( function() { \/* delay the scroll by 50 milliseconds to fix a bug in chrome *\/  }, 50 );if(window['gformInitDatepicker']) {gformInitDatepicker();}if(window['gformInitPriceFields']) {gformInitPriceFields();}var current_page = jQuery('#gform_source_page_number_5').val();gformInitSpinner( 5, 'https:\/\/archives.legrandrepas.fr\/2024\/wp-content\/plugins\/gravityforms\/images\/spinner.svg', true );jQuery(document).trigger('gform_page_loaded', [5, current_page]);window['gf_submitting_5'] = false;}else if(!is_redirect){var confirmation_content = jQuery(this).contents().find('.GF_AJAX_POSTBACK').html();if(!confirmation_content){confirmation_content = contents;}jQuery('#gform_wrapper_5').replaceWith(confirmation_content);jQuery(document).trigger('gform_confirmation_loaded', [5]);window['gf_submitting_5'] = false;wp.a11y.speak(jQuery('#gform_confirmation_message_5').text());}else{jQuery('#gform_5').append(contents);if(window['gformRedirect']) {gformRedirect();}}jQuery(document).trigger(\"gform_pre_post_render\", [{ formId: \"5\", currentPage: \"current_page\", abort: function() { this.preventDefault(); } }]);                if (event && event.defaultPrevented) {                return;         }        const gformWrapperDiv = document.getElementById( \"gform_wrapper_5\" );        if ( gformWrapperDiv ) {            const visibilitySpan = document.createElement( \"span\" );            visibilitySpan.id = \"gform_visibility_test_5\";            gformWrapperDiv.insertAdjacentElement( \"afterend\", visibilitySpan );        }        const visibilityTestDiv = document.getElementById( \"gform_visibility_test_5\" );        let postRenderFired = false;                function triggerPostRender() {            if ( postRenderFired ) {                return;            }            postRenderFired = true;            jQuery( document ).trigger( 'gform_post_render', [5, current_page] );            gform.utils.trigger( { event: 'gform\/postRender', native: false, data: { formId: 5, currentPage: current_page } } );            if ( visibilityTestDiv ) {                visibilityTestDiv.parentNode.removeChild( visibilityTestDiv );            }        }        function debounce( func, wait, immediate ) {            var timeout;            return function() {                var context = this, args = arguments;                var later = function() {                    timeout = null;                    if ( !immediate ) func.apply( context, args );                };                var callNow = immediate && !timeout;                clearTimeout( timeout );                timeout = setTimeout( later, wait );                if ( callNow ) func.apply( context, args );            };        }        const debouncedTriggerPostRender = debounce( function() {            triggerPostRender();        }, 200 );        if ( visibilityTestDiv && visibilityTestDiv.offsetParent === null ) {            const observer = new MutationObserver( ( mutations ) => {                mutations.forEach( ( mutation ) => {                    if ( mutation.type === 'attributes' && visibilityTestDiv.offsetParent !== null ) {                        debouncedTriggerPostRender();                        observer.disconnect();                    }                });            });            observer.observe( document.body, {                attributes: true,                childList: false,                subtree: true,                attributeFilter: [ 'style', 'class' ],            });        } else {            triggerPostRender();        }    } );} );\n<\/script>\n\n","protected":false},"excerpt":{"rendered":"","protected":false},"author":1,"featured_media":0,"parent":131,"menu_order":0,"comment_status":"closed","ping_status":"closed","template":"template-cinq.php","meta":{"_acf_changed":false,"footnotes":""},"class_list":["post-6607","page","type-page","status-publish","hentry"],"acf":[],"yoast_head":"<!-- This site is optimized with the Yoast SEO plugin v22.4 - https:\/\/yoast.com\/wordpress\/plugins\/seo\/ -->\n<title>J&#039;ai plus de 5 \u00e9tablissements \u00e0 inscrire - Le Grand Repas<\/title>\n<meta name=\"robots\" content=\"index, follow, max-snippet:-1, max-image-preview:large, max-video-preview:-1\" \/>\n<link rel=\"canonical\" href=\"https:\/\/archives.legrandrepas.fr\/2024\/participez\/je-souhaite-inscrire-mon-mes-etabliseements-pour-le-grand-repas\/jai-plus-de-5-etablissements-a-inscrire\/\" \/>\n<meta property=\"og:locale\" content=\"fr_FR\" \/>\n<meta property=\"og:type\" content=\"article\" \/>\n<meta property=\"og:title\" content=\"J&#039;ai plus de 5 \u00e9tablissements \u00e0 inscrire - Le Grand Repas\" \/>\n<meta property=\"og:url\" content=\"https:\/\/archives.legrandrepas.fr\/2024\/participez\/je-souhaite-inscrire-mon-mes-etabliseements-pour-le-grand-repas\/jai-plus-de-5-etablissements-a-inscrire\/\" \/>\n<meta property=\"og:site_name\" content=\"Le Grand Repas\" \/>\n<meta property=\"article:publisher\" content=\"https:\/\/www.facebook.com\/LeGrandRepas\/\" \/>\n<meta property=\"article:modified_time\" content=\"2024-05-31T14:43:45+00:00\" \/>\n<meta name=\"twitter:card\" content=\"summary_large_image\" \/>\n<meta name=\"twitter:label1\" content=\"Dur\u00e9e de lecture estim\u00e9e\" \/>\n\t<meta name=\"twitter:data1\" content=\"1 minute\" \/>\n<script type=\"application\/ld+json\" class=\"yoast-schema-graph\">{\"@context\":\"https:\/\/schema.org\",\"@graph\":[{\"@type\":\"WebPage\",\"@id\":\"https:\/\/archives.legrandrepas.fr\/2024\/participez\/je-souhaite-inscrire-mon-mes-etabliseements-pour-le-grand-repas\/jai-plus-de-5-etablissements-a-inscrire\/\",\"url\":\"https:\/\/archives.legrandrepas.fr\/2024\/participez\/je-souhaite-inscrire-mon-mes-etabliseements-pour-le-grand-repas\/jai-plus-de-5-etablissements-a-inscrire\/\",\"name\":\"J'ai plus de 5 \u00e9tablissements \u00e0 inscrire - Le Grand Repas\",\"isPartOf\":{\"@id\":\"https:\/\/archives.legrandrepas.fr\/2024\/#website\"},\"datePublished\":\"2024-05-29T07:56:26+00:00\",\"dateModified\":\"2024-05-31T14:43:45+00:00\",\"breadcrumb\":{\"@id\":\"https:\/\/archives.legrandrepas.fr\/2024\/participez\/je-souhaite-inscrire-mon-mes-etabliseements-pour-le-grand-repas\/jai-plus-de-5-etablissements-a-inscrire\/#breadcrumb\"},\"inLanguage\":\"fr-FR\",\"potentialAction\":[{\"@type\":\"ReadAction\",\"target\":[\"https:\/\/archives.legrandrepas.fr\/2024\/participez\/je-souhaite-inscrire-mon-mes-etabliseements-pour-le-grand-repas\/jai-plus-de-5-etablissements-a-inscrire\/\"]}]},{\"@type\":\"BreadcrumbList\",\"@id\":\"https:\/\/archives.legrandrepas.fr\/2024\/participez\/je-souhaite-inscrire-mon-mes-etabliseements-pour-le-grand-repas\/jai-plus-de-5-etablissements-a-inscrire\/#breadcrumb\",\"itemListElement\":[{\"@type\":\"ListItem\",\"position\":1,\"name\":\"Accueil\",\"item\":\"https:\/\/archives.legrandrepas.fr\/2024\/\"},{\"@type\":\"ListItem\",\"position\":2,\"name\":\"Participez\",\"item\":\"https:\/\/archives.legrandrepas.fr\/2024\/participez\/\"},{\"@type\":\"ListItem\",\"position\":3,\"name\":\"Je souhaite inscrire mon \/ mes \u00e9tablissements pour Le Grand Repas\",\"item\":\"https:\/\/archives.legrandrepas.fr\/2024\/participez\/je-souhaite-inscrire-mon-mes-etabliseements-pour-le-grand-repas\/\"},{\"@type\":\"ListItem\",\"position\":4,\"name\":\"J&rsquo;ai plus de 5 \u00e9tablissements \u00e0 inscrire\"}]},{\"@type\":\"WebSite\",\"@id\":\"https:\/\/archives.legrandrepas.fr\/2024\/#website\",\"url\":\"https:\/\/archives.legrandrepas.fr\/2024\/\",\"name\":\"Le Grand Repas\",\"description\":\"Le m\u00eame menu, le m\u00eame jour,  partag\u00e9 par tous les citoyens d&#039;un m\u00eame territoire\",\"publisher\":{\"@id\":\"https:\/\/archives.legrandrepas.fr\/2024\/#organization\"},\"potentialAction\":[{\"@type\":\"SearchAction\",\"target\":{\"@type\":\"EntryPoint\",\"urlTemplate\":\"https:\/\/archives.legrandrepas.fr\/2024\/?s={search_term_string}\"},\"query-input\":\"required name=search_term_string\"}],\"inLanguage\":\"fr-FR\"},{\"@type\":\"Organization\",\"@id\":\"https:\/\/archives.legrandrepas.fr\/2024\/#organization\",\"name\":\"Association Le Grand Repas\",\"url\":\"https:\/\/archives.legrandrepas.fr\/2024\/\",\"logo\":{\"@type\":\"ImageObject\",\"inLanguage\":\"fr-FR\",\"@id\":\"https:\/\/archives.legrandrepas.fr\/2024\/#\/schema\/logo\/image\/\",\"url\":\"https:\/\/archives.legrandrepas.fr\/wp-content\/uploads\/2022\/06\/logo-LGR.png\",\"contentUrl\":\"https:\/\/archives.legrandrepas.fr\/wp-content\/uploads\/2022\/06\/logo-LGR.png\",\"width\":1280,\"height\":1278,\"caption\":\"Association Le Grand Repas\"},\"image\":{\"@id\":\"https:\/\/archives.legrandrepas.fr\/2024\/#\/schema\/logo\/image\/\"},\"sameAs\":[\"https:\/\/www.facebook.com\/LeGrandRepas\/\",\"https:\/\/www.linkedin.com\/company\/79483218\/admin\/notifications\/all\/\",\"https:\/\/www.instagram.com\/LeGrandRepas\/\"]}]}<\/script>\n<!-- \/ Yoast SEO plugin. -->","yoast_head_json":{"title":"J'ai plus de 5 \u00e9tablissements \u00e0 inscrire - Le Grand Repas","robots":{"index":"index","follow":"follow","max-snippet":"max-snippet:-1","max-image-preview":"max-image-preview:large","max-video-preview":"max-video-preview:-1"},"canonical":"https:\/\/archives.legrandrepas.fr\/2024\/participez\/je-souhaite-inscrire-mon-mes-etabliseements-pour-le-grand-repas\/jai-plus-de-5-etablissements-a-inscrire\/","og_locale":"fr_FR","og_type":"article","og_title":"J'ai plus de 5 \u00e9tablissements \u00e0 inscrire - Le Grand Repas","og_url":"https:\/\/archives.legrandrepas.fr\/2024\/participez\/je-souhaite-inscrire-mon-mes-etabliseements-pour-le-grand-repas\/jai-plus-de-5-etablissements-a-inscrire\/","og_site_name":"Le Grand Repas","article_publisher":"https:\/\/www.facebook.com\/LeGrandRepas\/","article_modified_time":"2024-05-31T14:43:45+00:00","twitter_card":"summary_large_image","twitter_misc":{"Dur\u00e9e de lecture estim\u00e9e":"1 minute"},"schema":{"@context":"https:\/\/schema.org","@graph":[{"@type":"WebPage","@id":"https:\/\/archives.legrandrepas.fr\/2024\/participez\/je-souhaite-inscrire-mon-mes-etabliseements-pour-le-grand-repas\/jai-plus-de-5-etablissements-a-inscrire\/","url":"https:\/\/archives.legrandrepas.fr\/2024\/participez\/je-souhaite-inscrire-mon-mes-etabliseements-pour-le-grand-repas\/jai-plus-de-5-etablissements-a-inscrire\/","name":"J'ai plus de 5 \u00e9tablissements \u00e0 inscrire - Le Grand Repas","isPartOf":{"@id":"https:\/\/archives.legrandrepas.fr\/2024\/#website"},"datePublished":"2024-05-29T07:56:26+00:00","dateModified":"2024-05-31T14:43:45+00:00","breadcrumb":{"@id":"https:\/\/archives.legrandrepas.fr\/2024\/participez\/je-souhaite-inscrire-mon-mes-etabliseements-pour-le-grand-repas\/jai-plus-de-5-etablissements-a-inscrire\/#breadcrumb"},"inLanguage":"fr-FR","potentialAction":[{"@type":"ReadAction","target":["https:\/\/archives.legrandrepas.fr\/2024\/participez\/je-souhaite-inscrire-mon-mes-etabliseements-pour-le-grand-repas\/jai-plus-de-5-etablissements-a-inscrire\/"]}]},{"@type":"BreadcrumbList","@id":"https:\/\/archives.legrandrepas.fr\/2024\/participez\/je-souhaite-inscrire-mon-mes-etabliseements-pour-le-grand-repas\/jai-plus-de-5-etablissements-a-inscrire\/#breadcrumb","itemListElement":[{"@type":"ListItem","position":1,"name":"Accueil","item":"https:\/\/archives.legrandrepas.fr\/2024\/"},{"@type":"ListItem","position":2,"name":"Participez","item":"https:\/\/archives.legrandrepas.fr\/2024\/participez\/"},{"@type":"ListItem","position":3,"name":"Je souhaite inscrire mon \/ mes \u00e9tablissements pour Le Grand Repas","item":"https:\/\/archives.legrandrepas.fr\/2024\/participez\/je-souhaite-inscrire-mon-mes-etabliseements-pour-le-grand-repas\/"},{"@type":"ListItem","position":4,"name":"J&rsquo;ai plus de 5 \u00e9tablissements \u00e0 inscrire"}]},{"@type":"WebSite","@id":"https:\/\/archives.legrandrepas.fr\/2024\/#website","url":"https:\/\/archives.legrandrepas.fr\/2024\/","name":"Le Grand Repas","description":"Le m\u00eame menu, le m\u00eame jour,  partag\u00e9 par tous les citoyens d&#039;un m\u00eame territoire","publisher":{"@id":"https:\/\/archives.legrandrepas.fr\/2024\/#organization"},"potentialAction":[{"@type":"SearchAction","target":{"@type":"EntryPoint","urlTemplate":"https:\/\/archives.legrandrepas.fr\/2024\/?s={search_term_string}"},"query-input":"required name=search_term_string"}],"inLanguage":"fr-FR"},{"@type":"Organization","@id":"https:\/\/archives.legrandrepas.fr\/2024\/#organization","name":"Association Le Grand Repas","url":"https:\/\/archives.legrandrepas.fr\/2024\/","logo":{"@type":"ImageObject","inLanguage":"fr-FR","@id":"https:\/\/archives.legrandrepas.fr\/2024\/#\/schema\/logo\/image\/","url":"https:\/\/archives.legrandrepas.fr\/wp-content\/uploads\/2022\/06\/logo-LGR.png","contentUrl":"https:\/\/archives.legrandrepas.fr\/wp-content\/uploads\/2022\/06\/logo-LGR.png","width":1280,"height":1278,"caption":"Association Le Grand Repas"},"image":{"@id":"https:\/\/archives.legrandrepas.fr\/2024\/#\/schema\/logo\/image\/"},"sameAs":["https:\/\/www.facebook.com\/LeGrandRepas\/","https:\/\/www.linkedin.com\/company\/79483218\/admin\/notifications\/all\/","https:\/\/www.instagram.com\/LeGrandRepas\/"]}]}},"_links":{"self":[{"href":"https:\/\/archives.legrandrepas.fr\/2024\/wp-json\/wp\/v2\/pages\/6607","targetHints":{"allow":["GET"]}}],"collection":[{"href":"https:\/\/archives.legrandrepas.fr\/2024\/wp-json\/wp\/v2\/pages"}],"about":[{"href":"https:\/\/archives.legrandrepas.fr\/2024\/wp-json\/wp\/v2\/types\/page"}],"author":[{"embeddable":true,"href":"https:\/\/archives.legrandrepas.fr\/2024\/wp-json\/wp\/v2\/users\/1"}],"replies":[{"embeddable":true,"href":"https:\/\/archives.legrandrepas.fr\/2024\/wp-json\/wp\/v2\/comments?post=6607"}],"version-history":[{"count":3,"href":"https:\/\/archives.legrandrepas.fr\/2024\/wp-json\/wp\/v2\/pages\/6607\/revisions"}],"predecessor-version":[{"id":6626,"href":"https:\/\/archives.legrandrepas.fr\/2024\/wp-json\/wp\/v2\/pages\/6607\/revisions\/6626"}],"up":[{"embeddable":true,"href":"https:\/\/archives.legrandrepas.fr\/2024\/wp-json\/wp\/v2\/pages\/131"}],"wp:attachment":[{"href":"https:\/\/archives.legrandrepas.fr\/2024\/wp-json\/wp\/v2\/media?parent=6607"}],"curies":[{"name":"wp","href":"https:\/\/api.w.org\/{rel}","templated":true}]}}